{"id":205,"date":"2024-04-18T14:01:50","date_gmt":"2024-04-18T12:01:50","guid":{"rendered":"https:\/\/adsccouverture.fr\/?page_id=205"},"modified":"2024-04-25T10:42:50","modified_gmt":"2024-04-25T08:42:50","slug":"services","status":"publish","type":"page","link":"https:\/\/adsccouverture.fr\/index.php\/services\/","title":{"rendered":"Nos services"},"content":{"rendered":"\n<div class=\"wp-block-group alignfull has-global-padding is-layout-constrained wp-block-group-is-layout-constrained\">\n<div class=\"wp-block-group alignfull has-base-background-color has-background has-global-padding is-layout-constrained wp-container-core-group-is-layout-2b1c724e wp-block-group-is-layout-constrained\" style=\"margin-top:0;margin-bottom:0;padding-top:var(--wp--preset--spacing--50);padding-right:var(--wp--preset--spacing--50);padding-bottom:var(--wp--preset--spacing--50);padding-left:var(--wp--preset--spacing--50)\">\n<div class=\"wp-block-columns alignwide is-layout-flex wp-container-core-columns-is-layout-1da03c2a wp-block-columns-is-layout-flex\">\n<div class=\"wp-block-column is-vertically-aligned-center is-layout-flow wp-block-column-is-layout-flow\" style=\"flex-basis:50%\">\n<figure class=\"wp-block-image size-full is-style-rounded wp-duotone-unset-2 is-style-rounded--1\"><img loading=\"lazy\" decoding=\"async\" width=\"1920\" height=\"2560\" src=\"http:\/\/adsccouverture.fr\/wp-content\/uploads\/2024\/04\/IMG_5342-scaled.webp\" alt=\"\" class=\"wp-image-414\" style=\"aspect-ratio:4\/3;object-fit:cover\" srcset=\"https:\/\/adsccouverture.fr\/wp-content\/uploads\/2024\/04\/IMG_5342-scaled.webp 1920w, https:\/\/adsccouverture.fr\/wp-content\/uploads\/2024\/04\/IMG_5342-225x300.webp 225w, https:\/\/adsccouverture.fr\/wp-content\/uploads\/2024\/04\/IMG_5342-768x1024.webp 768w, https:\/\/adsccouverture.fr\/wp-content\/uploads\/2024\/04\/IMG_5342-1152x1536.webp 1152w, https:\/\/adsccouverture.fr\/wp-content\/uploads\/2024\/04\/IMG_5342-1536x2048.webp 1536w\" sizes=\"auto, (max-width: 1920px) 100vw, 1920px\" \/><\/figure>\n<\/div>\n\n\n\n<div class=\"wp-block-column is-vertically-aligned-center is-layout-flow wp-container-core-column-is-layout-22223934 wp-block-column-is-layout-flow\" style=\"flex-basis:50%\">\n<h2 class=\"wp-block-heading\">Travaux de couverture<\/h2>\n\n\n\n<ul class=\"wp-block-list\">\n<li>\ufeff\ufeffToiture en ardoises<\/li>\n\n\n\n<li>\ufeff\ufeffToiture en tuiles<\/li>\n\n\n\n<li>Etanch\u00e9it\u00e9<\/li>\n<\/ul>\n\n\n\n<p><\/p>\n<\/div>\n<\/div>\n\n\n\n<div class=\"wp-block-columns alignwide is-layout-flex wp-container-core-columns-is-layout-1da03c2a wp-block-columns-is-layout-flex\">\n<div class=\"wp-block-column is-vertically-aligned-center is-layout-flow wp-container-core-column-is-layout-22223934 wp-block-column-is-layout-flow\" style=\"flex-basis:50%\">\n<h2 class=\"wp-block-heading\">Travaux de zinguerie<\/h2>\n\n\n\n<ul class=\"wp-block-list\">\n<li>Toiture en zinc<\/li>\n\n\n\n<li>Toiture en t\u00f4le bac acier, t\u00f4le imitation tuiles<\/li>\n<\/ul>\n<\/div>\n\n\n\n<div class=\"wp-block-column is-vertically-aligned-center is-layout-flow wp-block-column-is-layout-flow\" style=\"flex-basis:50%\">\n<figure class=\"wp-block-image size-full is-style-rounded wp-duotone-unset-4 is-style-rounded--3\"><img loading=\"lazy\" decoding=\"async\" width=\"1244\" height=\"2208\" src=\"http:\/\/adsccouverture.fr\/wp-content\/uploads\/2024\/04\/IMG_4104-jpg.webp\" alt=\"\" class=\"wp-image-409\" style=\"aspect-ratio:4\/3;object-fit:cover\" srcset=\"https:\/\/adsccouverture.fr\/wp-content\/uploads\/2024\/04\/IMG_4104-jpg.webp 1244w, https:\/\/adsccouverture.fr\/wp-content\/uploads\/2024\/04\/IMG_4104-169x300.webp 169w, https:\/\/adsccouverture.fr\/wp-content\/uploads\/2024\/04\/IMG_4104-577x1024.webp 577w, https:\/\/adsccouverture.fr\/wp-content\/uploads\/2024\/04\/IMG_4104-768x1363.webp 768w, https:\/\/adsccouverture.fr\/wp-content\/uploads\/2024\/04\/IMG_4104-865x1536.webp 865w, https:\/\/adsccouverture.fr\/wp-content\/uploads\/2024\/04\/IMG_4104-1154x2048.webp 1154w\" sizes=\"auto, (max-width: 1244px) 100vw, 1244px\" \/><\/figure>\n<\/div>\n<\/div>\n\n\n\n<div class=\"wp-block-columns alignwide is-layout-flex wp-container-core-columns-is-layout-1da03c2a wp-block-columns-is-layout-flex\">\n<div class=\"wp-block-column is-vertically-aligned-center is-layout-flow wp-block-column-is-layout-flow\" style=\"flex-basis:50%\">\n<figure class=\"wp-block-image size-full is-style-rounded wp-duotone-unset-6 is-style-rounded--5\"><img loading=\"lazy\" decoding=\"async\" width=\"607\" height=\"451\" src=\"http:\/\/adsccouverture.fr\/wp-content\/uploads\/2024\/04\/services-1.png\" alt=\"\" class=\"wp-image-132\" style=\"aspect-ratio:4\/3;object-fit:cover\" srcset=\"https:\/\/adsccouverture.fr\/wp-content\/uploads\/2024\/04\/services-1.png 607w, https:\/\/adsccouverture.fr\/wp-content\/uploads\/2024\/04\/services-1-300x223.png 300w\" sizes=\"auto, (max-width: 607px) 100vw, 607px\" \/><\/figure>\n<\/div>\n\n\n\n<div class=\"wp-block-column is-vertically-aligned-center is-layout-flow wp-container-core-column-is-layout-22223934 wp-block-column-is-layout-flow\" style=\"flex-basis:50%\">\n<h2 class=\"wp-block-heading\">Entretien de votre toiture<\/h2>\n\n\n\n<ul class=\"wp-block-list\">\n<li>D\u00e9moussage<\/li>\n\n\n\n<li>Traitements de Toiture<\/li>\n<\/ul>\n<\/div>\n<\/div>\n\n\n\n<div class=\"wp-block-columns alignwide is-layout-flex wp-container-core-columns-is-layout-1da03c2a wp-block-columns-is-layout-flex\">\n<div class=\"wp-block-column is-vertically-aligned-center is-layout-flow wp-container-core-column-is-layout-22223934 wp-block-column-is-layout-flow\" style=\"flex-basis:50%\">\n<h2 class=\"wp-block-heading\">Travaux compl\u00e9mentaires<\/h2>\n\n\n\n<ul class=\"wp-block-list\">\n<li>Pose de Velux<\/li>\n\n\n\n<li>Reprise de charpente<\/li>\n\n\n\n<li>Isolation<\/li>\n<\/ul>\n<\/div>\n\n\n\n<div class=\"wp-block-column is-vertically-aligned-center is-layout-flow wp-block-column-is-layout-flow\" style=\"flex-basis:50%\">\n<figure class=\"wp-block-image size-full is-style-rounded wp-duotone-unset-8 is-style-rounded--7\"><img loading=\"lazy\" decoding=\"async\" width=\"825\" height=\"550\" src=\"http:\/\/adsccouverture.fr\/wp-content\/uploads\/2024\/04\/image-23.png\" alt=\"\" class=\"wp-image-136\" style=\"aspect-ratio:4\/3;object-fit:cover\" srcset=\"https:\/\/adsccouverture.fr\/wp-content\/uploads\/2024\/04\/image-23.png 825w, https:\/\/adsccouverture.fr\/wp-content\/uploads\/2024\/04\/image-23-300x200.png 300w, https:\/\/adsccouverture.fr\/wp-content\/uploads\/2024\/04\/image-23-768x512.png 768w\" sizes=\"auto, (max-width: 825px) 100vw, 825px\" \/><\/figure>\n<\/div>\n<\/div>\n<\/div>\n\n\n\n<div class=\"wp-block-group alignfull has-background has-global-padding is-layout-constrained wp-container-core-group-is-layout-ea39502d wp-block-group-is-layout-constrained\" style=\"background-color:#ecfeff;padding-top:var(--wp--preset--spacing--50);padding-right:var(--wp--preset--spacing--50);padding-bottom:var(--wp--preset--spacing--50);padding-left:var(--wp--preset--spacing--50)\">\n<h2 class=\"wp-block-heading has-text-align-center has-x-large-font-size\">Pr\u00eat \u00e0 concr\u00e9tiser votre projet?<\/h2>\n\n\n\n<p class=\"has-text-align-center\">Contactez-nous pour un devis gratuit et sans engagement.<\/p>\n\n\n\n<div class=\"wp-block-buttons is-content-justification-center is-layout-flex wp-container-core-buttons-is-layout-a89b3969 wp-block-buttons-is-layout-flex\">\n<div class=\"wp-block-button\"><a class=\"wp-block-button__link wp-element-button\" href=\"https:\/\/adsccouverture.fr\/index.php\/contact\/\">Demander un devis<\/a><\/div>\n\n\n\n<div class=\"wp-block-button is-style-fill\"><a class=\"wp-block-button__link has-custom-accent-3-background-color has-background wp-element-button\" href=\"tel:+33658849747\">06 58 84 97 47<\/a><\/div>\n<\/div>\n<\/div>\n<\/div>\n","protected":false},"excerpt":{"rendered":"<p>Travaux de couverture Travaux de zinguerie Entretien de votre toiture Travaux compl\u00e9mentaires Pr\u00eat \u00e0 concr\u00e9tiser votre projet? Contactez-nous pour un devis gratuit et sans engagement.<\/p>\n","protected":false},"author":1,"featured_media":0,"parent":0,"menu_order":0,"comment_status":"closed","ping_status":"closed","template":"","meta":{"footnotes":""},"class_list":["post-205","page","type-page","status-publish","hentry"],"_links":{"self":[{"href":"https:\/\/adsccouverture.fr\/index.php\/wp-json\/wp\/v2\/pages\/205","targetHints":{"allow":["GET"]}}],"collection":[{"href":"https:\/\/adsccouverture.fr\/index.php\/wp-json\/wp\/v2\/pages"}],"about":[{"href":"https:\/\/adsccouverture.fr\/index.php\/wp-json\/wp\/v2\/types\/page"}],"author":[{"embeddable":true,"href":"https:\/\/adsccouverture.fr\/index.php\/wp-json\/wp\/v2\/users\/1"}],"replies":[{"embeddable":true,"href":"https:\/\/adsccouverture.fr\/index.php\/wp-json\/wp\/v2\/comments?post=205"}],"version-history":[{"count":17,"href":"https:\/\/adsccouverture.fr\/index.php\/wp-json\/wp\/v2\/pages\/205\/revisions"}],"predecessor-version":[{"id":415,"href":"https:\/\/adsccouverture.fr\/index.php\/wp-json\/wp\/v2\/pages\/205\/revisions\/415"}],"wp:attachment":[{"href":"https:\/\/adsccouverture.fr\/index.php\/wp-json\/wp\/v2\/media?parent=205"}],"curies":[{"name":"wp","href":"https:\/\/api.w.org\/{rel}","templated":true}]}}